{"id":328,"date":"2026-01-27T13:06:58","date_gmt":"2026-01-27T13:06:58","guid":{"rendered":"https:\/\/drsm.shop\/?post_type=product&#038;p=328"},"modified":"2026-02-10T15:12:04","modified_gmt":"2026-02-10T15:12:04","slug":"igrafx-cloud","status":"publish","type":"product","link":"https:\/\/drsm.shop\/en\/product\/igrafx-cloud\/","title":{"rendered":"iGrafx Cloud"},"content":{"rendered":"<p>Ihre professionelle iGrafx Cloud im europ\u00e4ischen Rechenzentrum f\u00fcr gro\u00dfe Unternehmen ab 250 Mitarbeiter inkl.:<\/p>\n<p>TODO<\/p>","protected":false},"excerpt":{"rendered":"<p>Ihre professionelle iGrafx Cloud im europ\u00e4ischen Rechenzentrum f\u00fcr gro\u00dfe Unternehmen ab 250 Mitarbeiter inkl.: TODO<\/p>","protected":false},"featured_media":719,"template":"","meta":[],"product_brand":[],"product_cat":[31],"product_tag":[],"class_list":{"0":"post-328","1":"product","2":"type-product","3":"status-publish","4":"has-post-thumbnail","6":"product_cat-igrafx-platformen","8":"first","9":"instock","10":"shipping-taxable","11":"purchasable","12":"product-type-simple"},"aioseo_notices":[],"_links":{"self":[{"href":"https:\/\/drsm.shop\/en\/wp-json\/wp\/v2\/product\/328","targetHints":{"allow":["GET"]}}],"collection":[{"href":"https:\/\/drsm.shop\/en\/wp-json\/wp\/v2\/product"}],"about":[{"href":"https:\/\/drsm.shop\/en\/wp-json\/wp\/v2\/types\/product"}],"wp:featuredmedia":[{"embeddable":true,"href":"https:\/\/drsm.shop\/en\/wp-json\/wp\/v2\/media\/719"}],"wp:attachment":[{"href":"https:\/\/drsm.shop\/en\/wp-json\/wp\/v2\/media?parent=328"}],"wp:term":[{"taxonomy":"product_brand","embeddable":true,"href":"https:\/\/drsm.shop\/en\/wp-json\/wp\/v2\/product_brand?post=328"},{"taxonomy":"product_cat","embeddable":true,"href":"https:\/\/drsm.shop\/en\/wp-json\/wp\/v2\/product_cat?post=328"},{"taxonomy":"product_tag","embeddable":true,"href":"https:\/\/drsm.shop\/en\/wp-json\/wp\/v2\/product_tag?post=328"}],"curies":[{"name":"wp","href":"https:\/\/api.w.org\/{rel}","templated":true}]}}